{"id":28949,"date":"2024-01-30T14:35:41","date_gmt":"2024-01-30T13:35:41","guid":{"rendered":"https:\/\/dumascoaching.com\/blog-2\/"},"modified":"2024-08-22T09:49:57","modified_gmt":"2024-08-22T07:49:57","slug":"blog-2","status":"publish","type":"page","link":"https:\/\/dumascoaching.com\/?page_id=28949","title":{"rendered":"blog"},"content":{"rendered":"\t\t<div data-elementor-type=\"wp-page\" data-elementor-id=\"28949\" class=\"elementor elementor-28949\" data-elementor-post-type=\"page\">\n\t\t\t\t<div class=\"elementor-element elementor-element-413b4aed e-flex e-con-boxed e-con e-parent\" data-id=\"413b4aed\" data-element_type=\"container\">\n\t\t\t\t\t<div class=\"e-con-inner\">\n\t\t\t\t<div class=\"elementor-element elementor-element-63f61514 elementor-posts__hover-none elementor-posts--align-center elementor-grid-3 elementor-grid-tablet-2 elementor-grid-mobile-1 elementor-posts--thumbnail-top elementor-widget elementor-widget-posts\" data-id=\"63f61514\" data-element_type=\"widget\" data-settings=\"{&quot;cards_row_gap&quot;:{&quot;unit&quot;:&quot;px&quot;,&quot;size&quot;:71,&quot;sizes&quot;:[]},&quot;cards_row_gap_tablet&quot;:{&quot;unit&quot;:&quot;px&quot;,&quot;size&quot;:71,&quot;sizes&quot;:[]},&quot;cards_row_gap_mobile&quot;:{&quot;unit&quot;:&quot;px&quot;,&quot;size&quot;:30,&quot;sizes&quot;:[]},&quot;cards_masonry&quot;:&quot;yes&quot;,&quot;cards_columns&quot;:&quot;3&quot;,&quot;cards_columns_tablet&quot;:&quot;2&quot;,&quot;cards_columns_mobile&quot;:&quot;1&quot;}\" data-widget_type=\"posts.cards\">\n\t\t\t\t<div class=\"elementor-widget-container\">\n\t\t\t\t\t\t\t<div class=\"elementor-posts-container elementor-posts elementor-posts--skin-cards elementor-grid\" role=\"list\">\n\t\t\t\t<article class=\"elementor-post elementor-grid-item post-30842 post type-post status-publish format-standard has-post-thumbnail hentry category-nouveau\" role=\"listitem\">\n\t\t\t<div class=\"elementor-post__card\">\n\t\t\t\t<a class=\"elementor-post__thumbnail__link\" href=\"https:\/\/dumascoaching.com\/?p=30842\" tabindex=\"-1\" ><div class=\"elementor-post__thumbnail\"><img fetchpriority=\"high\" decoding=\"async\" width=\"300\" height=\"201\" src=\"https:\/\/dumascoaching.com\/wp-content\/uploads\/2024\/08\/Presentation-Frederic-DUMAS-23-3-300x201.png\" class=\"attachment-medium size-medium wp-image-30906\" alt=\"Groupe de co-d\u00e9veloppement\" srcset=\"https:\/\/dumascoaching.com\/wp-content\/uploads\/2024\/08\/Presentation-Frederic-DUMAS-23-3-300x201.png 300w, https:\/\/dumascoaching.com\/wp-content\/uploads\/2024\/08\/Presentation-Frederic-DUMAS-23-3-1024x686.png 1024w, https:\/\/dumascoaching.com\/wp-content\/uploads\/2024\/08\/Presentation-Frederic-DUMAS-23-3-768x514.png 768w, https:\/\/dumascoaching.com\/wp-content\/uploads\/2024\/08\/Presentation-Frederic-DUMAS-23-3-1536x1028.png 1536w, https:\/\/dumascoaching.com\/wp-content\/uploads\/2024\/08\/Presentation-Frederic-DUMAS-23-3-2048x1371.png 2048w\" sizes=\"(max-width: 300px) 100vw, 300px\" \/><\/div><\/a>\n\t\t\t\t<div class=\"elementor-post__badge\">Nouveau<\/div>\n\t\t\t\t<div class=\"elementor-post__text\">\n\t\t\t\t<h4 class=\"elementor-post__title\">\n\t\t\t<a href=\"https:\/\/dumascoaching.com\/?p=30842\" >\n\t\t\t\tGroupes de Cod\u00e9veloppement : l&rsquo;id\u00e9al pour se d\u00e9velopper entre pairs\t\t\t<\/a>\n\t\t<\/h4>\n\t\t\t\t<div class=\"elementor-post__excerpt\">\n\t\t\t<p>Les groupes de co-d\u00e9veloppement offrent un espace unique pour les chefs de projet et managers, favorisant l\u2019apprentissage collaboratif dans un\t\t<\/div>\n\t\t\n\t\t<a class=\"elementor-post__read-more\" href=\"https:\/\/dumascoaching.com\/?p=30842\" aria-label=\"En savoir plus sur Groupes de Cod\u00e9veloppement : l&rsquo;id\u00e9al pour se d\u00e9velopper entre pairs\" tabindex=\"-1\" >\n\t\t\tEn savoir  plus\t\t<\/a>\n\n\t\t\t\t<\/div>\n\t\t\t\t<div class=\"elementor-post__meta-data\">\n\t\t\t\t\t<span class=\"elementor-post-author\">\n\t\t\t529149\t\t<\/span>\n\t\t\t\t<\/div>\n\t\t\t\t\t<\/div>\n\t\t<\/article>\n\t\t\t\t<article class=\"elementor-post elementor-grid-item post-30824 post type-post status-publish format-standard has-post-thumbnail hentry category-nouveau\" role=\"listitem\">\n\t\t\t<div class=\"elementor-post__card\">\n\t\t\t\t<a class=\"elementor-post__thumbnail__link\" href=\"https:\/\/dumascoaching.com\/?p=30824\" tabindex=\"-1\" ><div class=\"elementor-post__thumbnail\"><img decoding=\"async\" width=\"300\" height=\"201\" src=\"https:\/\/dumascoaching.com\/wp-content\/uploads\/2024\/08\/105-300x201.png\" class=\"attachment-medium size-medium wp-image-30890\" alt=\"Qu\u2019est-ce que le coaching d\u2019organisation ?\" srcset=\"https:\/\/dumascoaching.com\/wp-content\/uploads\/2024\/08\/105-300x201.png 300w, https:\/\/dumascoaching.com\/wp-content\/uploads\/2024\/08\/105-1024x686.png 1024w, https:\/\/dumascoaching.com\/wp-content\/uploads\/2024\/08\/105-768x515.png 768w, https:\/\/dumascoaching.com\/wp-content\/uploads\/2024\/08\/105-1536x1029.png 1536w, https:\/\/dumascoaching.com\/wp-content\/uploads\/2024\/08\/105-2048x1372.png 2048w\" sizes=\"(max-width: 300px) 100vw, 300px\" \/><\/div><\/a>\n\t\t\t\t<div class=\"elementor-post__badge\">Nouveau<\/div>\n\t\t\t\t<div class=\"elementor-post__text\">\n\t\t\t\t<h4 class=\"elementor-post__title\">\n\t\t\t<a href=\"https:\/\/dumascoaching.com\/?p=30824\" >\n\t\t\t\tQu\u2019est-ce que le coaching d\u2019organisation\u00a0?\t\t\t<\/a>\n\t\t<\/h4>\n\t\t\t\t<div class=\"elementor-post__excerpt\">\n\t\t\t<p>Explorez les b\u00e9n\u00e9fices du coaching d&rsquo;organisation, de l&rsquo;\u00e9laboration d&rsquo;une vision partag\u00e9e \u00e0 l&rsquo;alignement des processus sur la strat\u00e9gie.<\/p>\t\t<\/div>\n\t\t\n\t\t<a class=\"elementor-post__read-more\" href=\"https:\/\/dumascoaching.com\/?p=30824\" aria-label=\"En savoir plus sur Qu\u2019est-ce que le coaching d\u2019organisation\u00a0?\" tabindex=\"-1\" >\n\t\t\tEn savoir  plus\t\t<\/a>\n\n\t\t\t\t<\/div>\n\t\t\t\t<div class=\"elementor-post__meta-data\">\n\t\t\t\t\t<span class=\"elementor-post-author\">\n\t\t\t529149\t\t<\/span>\n\t\t\t\t<\/div>\n\t\t\t\t\t<\/div>\n\t\t<\/article>\n\t\t\t\t<article class=\"elementor-post elementor-grid-item post-30819 post type-post status-publish format-standard has-post-thumbnail hentry category-nouveau\" role=\"listitem\">\n\t\t\t<div class=\"elementor-post__card\">\n\t\t\t\t<a class=\"elementor-post__thumbnail__link\" href=\"https:\/\/dumascoaching.com\/?p=30819\" tabindex=\"-1\" ><div class=\"elementor-post__thumbnail\"><img decoding=\"async\" width=\"300\" height=\"201\" src=\"https:\/\/dumascoaching.com\/wp-content\/uploads\/2024\/08\/103-300x201.png\" class=\"attachment-medium size-medium wp-image-30885\" alt=\"Les \u00e9quipes de direction du 3e mill\u00e9naire\" srcset=\"https:\/\/dumascoaching.com\/wp-content\/uploads\/2024\/08\/103-300x201.png 300w, https:\/\/dumascoaching.com\/wp-content\/uploads\/2024\/08\/103-1024x686.png 1024w, https:\/\/dumascoaching.com\/wp-content\/uploads\/2024\/08\/103-768x514.png 768w, https:\/\/dumascoaching.com\/wp-content\/uploads\/2024\/08\/103-1536x1028.png 1536w, https:\/\/dumascoaching.com\/wp-content\/uploads\/2024\/08\/103-2048x1371.png 2048w\" sizes=\"(max-width: 300px) 100vw, 300px\" \/><\/div><\/a>\n\t\t\t\t<div class=\"elementor-post__badge\">Nouveau<\/div>\n\t\t\t\t<div class=\"elementor-post__text\">\n\t\t\t\t<h4 class=\"elementor-post__title\">\n\t\t\t<a href=\"https:\/\/dumascoaching.com\/?p=30819\" >\n\t\t\t\tLes \u00e9quipes de direction du 3e\u00a0mill\u00e9naire\t\t\t<\/a>\n\t\t<\/h4>\n\t\t\t\t<div class=\"elementor-post__excerpt\">\n\t\t\t<p>Apprenez \u00e0 d\u00e9velopper une culture d\u2019entreprise qui favorise la coh\u00e9sion, la transparence, et l\u2019intelligence collective.<\/p>\t\t<\/div>\n\t\t\n\t\t<a class=\"elementor-post__read-more\" href=\"https:\/\/dumascoaching.com\/?p=30819\" aria-label=\"En savoir plus sur Les \u00e9quipes de direction du 3e\u00a0mill\u00e9naire\" tabindex=\"-1\" >\n\t\t\tEn savoir  plus\t\t<\/a>\n\n\t\t\t\t<\/div>\n\t\t\t\t<div class=\"elementor-post__meta-data\">\n\t\t\t\t\t<span class=\"elementor-post-author\">\n\t\t\t529149\t\t<\/span>\n\t\t\t\t<\/div>\n\t\t\t\t\t<\/div>\n\t\t<\/article>\n\t\t\t\t<article class=\"elementor-post elementor-grid-item post-30810 post type-post status-publish format-standard has-post-thumbnail hentry category-nouveau\" role=\"listitem\">\n\t\t\t<div class=\"elementor-post__card\">\n\t\t\t\t<a class=\"elementor-post__thumbnail__link\" href=\"https:\/\/dumascoaching.com\/?p=30810\" tabindex=\"-1\" ><div class=\"elementor-post__thumbnail\"><img loading=\"lazy\" decoding=\"async\" width=\"300\" height=\"201\" src=\"https:\/\/dumascoaching.com\/wp-content\/uploads\/2024\/08\/101-300x201.png\" class=\"attachment-medium size-medium wp-image-30880\" alt=\"accompagnement duo dirigeants\" srcset=\"https:\/\/dumascoaching.com\/wp-content\/uploads\/2024\/08\/101-300x201.png 300w, https:\/\/dumascoaching.com\/wp-content\/uploads\/2024\/08\/101-1024x685.png 1024w, https:\/\/dumascoaching.com\/wp-content\/uploads\/2024\/08\/101-768x514.png 768w, https:\/\/dumascoaching.com\/wp-content\/uploads\/2024\/08\/101-1536x1028.png 1536w, https:\/\/dumascoaching.com\/wp-content\/uploads\/2024\/08\/101-2048x1370.png 2048w\" sizes=\"(max-width: 300px) 100vw, 300px\" \/><\/div><\/a>\n\t\t\t\t<div class=\"elementor-post__badge\">Nouveau<\/div>\n\t\t\t\t<div class=\"elementor-post__text\">\n\t\t\t\t<h4 class=\"elementor-post__title\">\n\t\t\t<a href=\"https:\/\/dumascoaching.com\/?p=30810\" >\n\t\t\t\tDuo de dirigeants : optimisez la force de votre bin\u00f4me !\t\t\t<\/a>\n\t\t<\/h4>\n\t\t\t\t<div class=\"elementor-post__excerpt\">\n\t\t\t<p>D\u00e9couvrez comment \u00e9viter les conflits et construire un duo de dirigeants align\u00e9 et efficace.<\/p>\t\t<\/div>\n\t\t\n\t\t<a class=\"elementor-post__read-more\" href=\"https:\/\/dumascoaching.com\/?p=30810\" aria-label=\"En savoir plus sur Duo de dirigeants : optimisez la force de votre bin\u00f4me !\" tabindex=\"-1\" >\n\t\t\tEn savoir  plus\t\t<\/a>\n\n\t\t\t\t<\/div>\n\t\t\t\t<div class=\"elementor-post__meta-data\">\n\t\t\t\t\t<span class=\"elementor-post-author\">\n\t\t\t529149\t\t<\/span>\n\t\t\t\t<\/div>\n\t\t\t\t\t<\/div>\n\t\t<\/article>\n\t\t\t\t<article class=\"elementor-post elementor-grid-item post-30850 post type-post status-publish format-standard has-post-thumbnail hentry category-nouveau\" role=\"listitem\">\n\t\t\t<div class=\"elementor-post__card\">\n\t\t\t\t<a class=\"elementor-post__thumbnail__link\" href=\"https:\/\/dumascoaching.com\/?p=30850\" tabindex=\"-1\" ><div class=\"elementor-post__thumbnail\"><img loading=\"lazy\" decoding=\"async\" width=\"300\" height=\"201\" src=\"https:\/\/dumascoaching.com\/wp-content\/uploads\/2024\/08\/Presentation-Frederic-DUMAS-23-5-300x201.png\" class=\"attachment-medium size-medium wp-image-30957\" alt=\"chanter avec vos \u00e9quipes\" srcset=\"https:\/\/dumascoaching.com\/wp-content\/uploads\/2024\/08\/Presentation-Frederic-DUMAS-23-5-300x201.png 300w, https:\/\/dumascoaching.com\/wp-content\/uploads\/2024\/08\/Presentation-Frederic-DUMAS-23-5-1024x685.png 1024w, https:\/\/dumascoaching.com\/wp-content\/uploads\/2024\/08\/Presentation-Frederic-DUMAS-23-5-768x514.png 768w, https:\/\/dumascoaching.com\/wp-content\/uploads\/2024\/08\/Presentation-Frederic-DUMAS-23-5-1536x1028.png 1536w, https:\/\/dumascoaching.com\/wp-content\/uploads\/2024\/08\/Presentation-Frederic-DUMAS-23-5-2048x1371.png 2048w\" sizes=\"(max-width: 300px) 100vw, 300px\" \/><\/div><\/a>\n\t\t\t\t<div class=\"elementor-post__badge\">Nouveau<\/div>\n\t\t\t\t<div class=\"elementor-post__text\">\n\t\t\t\t<h4 class=\"elementor-post__title\">\n\t\t\t<a href=\"https:\/\/dumascoaching.com\/?p=30850\" >\n\t\t\t\tOsez le chant avec vos \u00e9quipes : team-building avec chef de choeur\t\t\t<\/a>\n\t\t<\/h4>\n\t\t\t\t<div class=\"elementor-post__excerpt\">\n\t\t\t<p>Le chant choral, dirig\u00e9 par un professionnel, est une m\u00e9taphore puissante du travail d\u2019\u00e9quipe. Le coaching renforce les comp\u00e9tences de\t\t<\/div>\n\t\t\n\t\t<a class=\"elementor-post__read-more\" href=\"https:\/\/dumascoaching.com\/?p=30850\" aria-label=\"En savoir plus sur Osez le chant avec vos \u00e9quipes : team-building avec chef de choeur\" tabindex=\"-1\" >\n\t\t\tEn savoir  plus\t\t<\/a>\n\n\t\t\t\t<\/div>\n\t\t\t\t<div class=\"elementor-post__meta-data\">\n\t\t\t\t\t<span class=\"elementor-post-author\">\n\t\t\t529149\t\t<\/span>\n\t\t\t\t<\/div>\n\t\t\t\t\t<\/div>\n\t\t<\/article>\n\t\t\t\t<article class=\"elementor-post elementor-grid-item post-30837 post type-post status-publish format-standard has-post-thumbnail hentry category-nouveau\" role=\"listitem\">\n\t\t\t<div class=\"elementor-post__card\">\n\t\t\t\t<a class=\"elementor-post__thumbnail__link\" href=\"https:\/\/dumascoaching.com\/?p=30837\" tabindex=\"-1\" ><div class=\"elementor-post__thumbnail\"><img loading=\"lazy\" decoding=\"async\" width=\"300\" height=\"199\" src=\"https:\/\/dumascoaching.com\/wp-content\/uploads\/2024\/08\/Presentation-Frederic-DUMAS-23-6-300x199.png\" class=\"attachment-medium size-medium wp-image-30961\" alt=\"leadership lab\" srcset=\"https:\/\/dumascoaching.com\/wp-content\/uploads\/2024\/08\/Presentation-Frederic-DUMAS-23-6-300x199.png 300w, https:\/\/dumascoaching.com\/wp-content\/uploads\/2024\/08\/Presentation-Frederic-DUMAS-23-6-1024x680.png 1024w, https:\/\/dumascoaching.com\/wp-content\/uploads\/2024\/08\/Presentation-Frederic-DUMAS-23-6-768x510.png 768w, https:\/\/dumascoaching.com\/wp-content\/uploads\/2024\/08\/Presentation-Frederic-DUMAS-23-6-1536x1020.png 1536w, https:\/\/dumascoaching.com\/wp-content\/uploads\/2024\/08\/Presentation-Frederic-DUMAS-23-6-2048x1360.png 2048w\" sizes=\"(max-width: 300px) 100vw, 300px\" \/><\/div><\/a>\n\t\t\t\t<div class=\"elementor-post__badge\">Nouveau<\/div>\n\t\t\t\t<div class=\"elementor-post__text\">\n\t\t\t\t<h4 class=\"elementor-post__title\">\n\t\t\t<a href=\"https:\/\/dumascoaching.com\/?p=30837\" >\n\t\t\t\tSelf-Leadership Lab : Trouver du sens et prendre sa place dans le monde professionnel\t\t\t<\/a>\n\t\t<\/h4>\n\t\t\t\t<div class=\"elementor-post__excerpt\">\n\t\t\t<p>Apprenez pourquoi le Self-Leadership est essentiel pour progresser vers des r\u00f4les qui apportent satisfaction personnelle et sens dans votre travail.<\/p>\t\t<\/div>\n\t\t\n\t\t<a class=\"elementor-post__read-more\" href=\"https:\/\/dumascoaching.com\/?p=30837\" aria-label=\"En savoir plus sur Self-Leadership Lab : Trouver du sens et prendre sa place dans le monde professionnel\" tabindex=\"-1\" >\n\t\t\tEn savoir  plus\t\t<\/a>\n\n\t\t\t\t<\/div>\n\t\t\t\t<div class=\"elementor-post__meta-data\">\n\t\t\t\t\t<span class=\"elementor-post-author\">\n\t\t\t529149\t\t<\/span>\n\t\t\t\t<\/div>\n\t\t\t\t\t<\/div>\n\t\t<\/article>\n\t\t\t\t<article class=\"elementor-post elementor-grid-item post-30829 post type-post status-publish format-standard has-post-thumbnail hentry category-nouveau\" role=\"listitem\">\n\t\t\t<div class=\"elementor-post__card\">\n\t\t\t\t<a class=\"elementor-post__thumbnail__link\" href=\"https:\/\/dumascoaching.com\/?p=30829\" tabindex=\"-1\" ><div class=\"elementor-post__thumbnail\"><img loading=\"lazy\" decoding=\"async\" width=\"300\" height=\"201\" src=\"https:\/\/dumascoaching.com\/wp-content\/uploads\/2024\/08\/Presentation-Frederic-DUMAS-23-2-300x201.png\" class=\"attachment-medium size-medium wp-image-30895\" alt=\"coaching de projets\" srcset=\"https:\/\/dumascoaching.com\/wp-content\/uploads\/2024\/08\/Presentation-Frederic-DUMAS-23-2-300x201.png 300w, https:\/\/dumascoaching.com\/wp-content\/uploads\/2024\/08\/Presentation-Frederic-DUMAS-23-2-1024x686.png 1024w, https:\/\/dumascoaching.com\/wp-content\/uploads\/2024\/08\/Presentation-Frederic-DUMAS-23-2-768x515.png 768w, https:\/\/dumascoaching.com\/wp-content\/uploads\/2024\/08\/Presentation-Frederic-DUMAS-23-2-1536x1030.png 1536w, https:\/\/dumascoaching.com\/wp-content\/uploads\/2024\/08\/Presentation-Frederic-DUMAS-23-2-2048x1373.png 2048w\" sizes=\"(max-width: 300px) 100vw, 300px\" \/><\/div><\/a>\n\t\t\t\t<div class=\"elementor-post__badge\">Nouveau<\/div>\n\t\t\t\t<div class=\"elementor-post__text\">\n\t\t\t\t<h4 class=\"elementor-post__title\">\n\t\t\t<a href=\"https:\/\/dumascoaching.com\/?p=30829\" >\n\t\t\t\tLe coaching de projet : l&rsquo;humain au c\u0153ur de la r\u00e9ussite des projets\t\t\t<\/a>\n\t\t<\/h4>\n\t\t\t\t<div class=\"elementor-post__excerpt\">\n\t\t\t<p>Explorez comment le coaching de projet, combin\u00e9 \u00e0 une gestion rigoureuse, peut transformer la dynamique d&rsquo;\u00e9quipe et assurer le succ\u00e8s.<\/p>\t\t<\/div>\n\t\t\n\t\t<a class=\"elementor-post__read-more\" href=\"https:\/\/dumascoaching.com\/?p=30829\" aria-label=\"En savoir plus sur Le coaching de projet : l&rsquo;humain au c\u0153ur de la r\u00e9ussite des projets\" tabindex=\"-1\" >\n\t\t\tEn savoir  plus\t\t<\/a>\n\n\t\t\t\t<\/div>\n\t\t\t\t<div class=\"elementor-post__meta-data\">\n\t\t\t\t\t<span class=\"elementor-post-author\">\n\t\t\t529149\t\t<\/span>\n\t\t\t\t<\/div>\n\t\t\t\t\t<\/div>\n\t\t<\/article>\n\t\t\t\t<article class=\"elementor-post elementor-grid-item post-28979 post type-post status-publish format-standard has-post-thumbnail hentry category-nouveau\" role=\"listitem\">\n\t\t\t<div class=\"elementor-post__card\">\n\t\t\t\t<a class=\"elementor-post__thumbnail__link\" href=\"https:\/\/dumascoaching.com\/?p=28979\" tabindex=\"-1\" ><div class=\"elementor-post__thumbnail\"><img loading=\"lazy\" decoding=\"async\" width=\"300\" height=\"201\" src=\"https:\/\/dumascoaching.com\/wp-content\/uploads\/2024\/08\/Presentation-Frederic-DUMAS-23-1-300x201.png\" class=\"attachment-medium size-medium wp-image-30877\" alt=\"Coaching individuel\" srcset=\"https:\/\/dumascoaching.com\/wp-content\/uploads\/2024\/08\/Presentation-Frederic-DUMAS-23-1-300x201.png 300w, https:\/\/dumascoaching.com\/wp-content\/uploads\/2024\/08\/Presentation-Frederic-DUMAS-23-1-1024x686.png 1024w, https:\/\/dumascoaching.com\/wp-content\/uploads\/2024\/08\/Presentation-Frederic-DUMAS-23-1-768x515.png 768w, https:\/\/dumascoaching.com\/wp-content\/uploads\/2024\/08\/Presentation-Frederic-DUMAS-23-1-1536x1030.png 1536w, https:\/\/dumascoaching.com\/wp-content\/uploads\/2024\/08\/Presentation-Frederic-DUMAS-23-1-2048x1373.png 2048w\" sizes=\"(max-width: 300px) 100vw, 300px\" \/><\/div><\/a>\n\t\t\t\t<div class=\"elementor-post__badge\">Nouveau<\/div>\n\t\t\t\t<div class=\"elementor-post__text\">\n\t\t\t\t<h4 class=\"elementor-post__title\">\n\t\t\t<a href=\"https:\/\/dumascoaching.com\/?p=28979\" >\n\t\t\t\tLes 5 types de coaching individuel\t\t\t<\/a>\n\t\t<\/h4>\n\t\t\t\t<div class=\"elementor-post__excerpt\">\n\t\t\t<p>D\u00e9couvrez les cinq types de coaching individuel con\u00e7us pour r\u00e9pondre \u00e0 des besoins sp\u00e9cifiques dans un environnement professionnel en constante\t\t<\/div>\n\t\t\n\t\t<a class=\"elementor-post__read-more\" href=\"https:\/\/dumascoaching.com\/?p=28979\" aria-label=\"En savoir plus sur Les 5 types de coaching individuel\" tabindex=\"-1\" >\n\t\t\tEn savoir  plus\t\t<\/a>\n\n\t\t\t\t<\/div>\n\t\t\t\t<div class=\"elementor-post__meta-data\">\n\t\t\t\t\t<span class=\"elementor-post-author\">\n\t\t\t529149\t\t<\/span>\n\t\t\t\t<\/div>\n\t\t\t\t\t<\/div>\n\t\t<\/article>\n\t\t\t\t<article class=\"elementor-post elementor-grid-item post-28980 post type-post status-publish format-standard has-post-thumbnail hentry category-nouveau\" role=\"listitem\">\n\t\t\t<div class=\"elementor-post__card\">\n\t\t\t\t<a class=\"elementor-post__thumbnail__link\" href=\"https:\/\/dumascoaching.com\/?p=28980\" tabindex=\"-1\" ><div class=\"elementor-post__thumbnail\"><img loading=\"lazy\" decoding=\"async\" width=\"300\" height=\"201\" src=\"https:\/\/dumascoaching.com\/wp-content\/uploads\/2024\/08\/96-300x201.png\" class=\"attachment-medium size-medium wp-image-30871\" alt=\"team building\" srcset=\"https:\/\/dumascoaching.com\/wp-content\/uploads\/2024\/08\/96-300x201.png 300w, https:\/\/dumascoaching.com\/wp-content\/uploads\/2024\/08\/96-1024x685.png 1024w, https:\/\/dumascoaching.com\/wp-content\/uploads\/2024\/08\/96-768x514.png 768w, https:\/\/dumascoaching.com\/wp-content\/uploads\/2024\/08\/96-1536x1028.png 1536w, https:\/\/dumascoaching.com\/wp-content\/uploads\/2024\/08\/96-2048x1371.png 2048w\" sizes=\"(max-width: 300px) 100vw, 300px\" \/><\/div><\/a>\n\t\t\t\t<div class=\"elementor-post__badge\">Nouveau<\/div>\n\t\t\t\t<div class=\"elementor-post__text\">\n\t\t\t\t<h4 class=\"elementor-post__title\">\n\t\t\t<a href=\"https:\/\/dumascoaching.com\/?p=28980\" >\n\t\t\t\tLes 5 grands types de Team-Building pour renforcer vos \u00e9quipes\t\t\t<\/a>\n\t\t<\/h4>\n\t\t\t\t<div class=\"elementor-post__excerpt\">\n\t\t\t<p>D\u00e9couvrez comment faciliter les d\u00e9cisions complexes et renforcer la coh\u00e9sion autour des choix collectifs.<\/p>\t\t<\/div>\n\t\t\n\t\t<a class=\"elementor-post__read-more\" href=\"https:\/\/dumascoaching.com\/?p=28980\" aria-label=\"En savoir plus sur Les 5 grands types de Team-Building pour renforcer vos \u00e9quipes\" tabindex=\"-1\" >\n\t\t\tEn savoir  plus\t\t<\/a>\n\n\t\t\t\t<\/div>\n\t\t\t\t<div class=\"elementor-post__meta-data\">\n\t\t\t\t\t<span class=\"elementor-post-author\">\n\t\t\t529149\t\t<\/span>\n\t\t\t\t<\/div>\n\t\t\t\t\t<\/div>\n\t\t<\/article>\n\t\t\t\t<article class=\"elementor-post elementor-grid-item post-28978 post type-post status-publish format-standard has-post-thumbnail hentry category-nouveau\" role=\"listitem\">\n\t\t\t<div class=\"elementor-post__card\">\n\t\t\t\t<a class=\"elementor-post__thumbnail__link\" href=\"https:\/\/dumascoaching.com\/?p=28978\" tabindex=\"-1\" ><div class=\"elementor-post__thumbnail\"><img loading=\"lazy\" decoding=\"async\" width=\"300\" height=\"201\" src=\"https:\/\/dumascoaching.com\/wp-content\/uploads\/2024\/08\/98-300x201.png\" class=\"attachment-medium size-medium wp-image-30872\" alt=\"accompagnement dirigeant\" srcset=\"https:\/\/dumascoaching.com\/wp-content\/uploads\/2024\/08\/98-300x201.png 300w, https:\/\/dumascoaching.com\/wp-content\/uploads\/2024\/08\/98-1024x686.png 1024w, https:\/\/dumascoaching.com\/wp-content\/uploads\/2024\/08\/98-768x515.png 768w, https:\/\/dumascoaching.com\/wp-content\/uploads\/2024\/08\/98-1536x1030.png 1536w, https:\/\/dumascoaching.com\/wp-content\/uploads\/2024\/08\/98-2048x1373.png 2048w\" sizes=\"(max-width: 300px) 100vw, 300px\" \/><\/div><\/a>\n\t\t\t\t<div class=\"elementor-post__badge\">Nouveau<\/div>\n\t\t\t\t<div class=\"elementor-post__text\">\n\t\t\t\t<h4 class=\"elementor-post__title\">\n\t\t\t<a href=\"https:\/\/dumascoaching.com\/?p=28978\" >\n\t\t\t\tL\u2019accompagnement des dirigeants : un coaching sur-mesure pour des enjeux uniques\t\t\t<\/a>\n\t\t<\/h4>\n\t\t\t\t<div class=\"elementor-post__excerpt\">\n\t\t\t<p>D\u00e9couvrez comment la motivation personnelle influence directement le succ\u00e8s des dirigeants.<\/p>\t\t<\/div>\n\t\t\n\t\t<a class=\"elementor-post__read-more\" href=\"https:\/\/dumascoaching.com\/?p=28978\" aria-label=\"En savoir plus sur L\u2019accompagnement des dirigeants : un coaching sur-mesure pour des enjeux uniques\" tabindex=\"-1\" >\n\t\t\tEn savoir  plus\t\t<\/a>\n\n\t\t\t\t<\/div>\n\t\t\t\t<div class=\"elementor-post__meta-data\">\n\t\t\t\t\t<span class=\"elementor-post-author\">\n\t\t\t529149\t\t<\/span>\n\t\t\t\t<\/div>\n\t\t\t\t\t<\/div>\n\t\t<\/article>\n\t\t\t\t<article class=\"elementor-post elementor-grid-item post-31179 post type-post status-publish format-standard hentry category-uncategorized\" role=\"listitem\">\n\t\t\t<div class=\"elementor-post__card\">\n\t\t\t\t<div class=\"elementor-post__text\">\n\t\t\t\t<h4 class=\"elementor-post__title\">\n\t\t\t<a href=\"https:\/\/dumascoaching.com\/?p=31179\" >\n\t\t\t\t7 loader windows 7 \u2713 Activate Windows 7 32 &#038; 64-bit Now\u27a4 Free Download\t\t\t<\/a>\n\t\t<\/h4>\n\t\t\t\t<div class=\"elementor-post__excerpt\">\n\t\t\t<p>7 loader windows 7 \u2713 Activate Windows 7 32-bit &#038; 64-bit \u27a4 Access full features with version 2.2.2 \u2605 Free\t\t<\/div>\n\t\t\n\t\t<a class=\"elementor-post__read-more\" href=\"https:\/\/dumascoaching.com\/?p=31179\" aria-label=\"En savoir plus sur 7 loader windows 7 \u2713 Activate Windows 7 32 &#038; 64-bit Now\u27a4 Free Download\" tabindex=\"-1\" >\n\t\t\tEn savoir  plus\t\t<\/a>\n\n\t\t\t\t<\/div>\n\t\t\t\t<div class=\"elementor-post__meta-data\">\n\t\t\t\t\t<span class=\"elementor-post-author\">\n\t\t\t529149\t\t<\/span>\n\t\t\t\t<\/div>\n\t\t\t\t\t<\/div>\n\t\t<\/article>\n\t\t\t\t<\/div>\n\t\t\n\t\t\t\t\t\t<\/div>\n\t\t\t\t<\/div>\n\t\t\t\t\t<\/div>\n\t\t\t\t<\/div>\n\t\t<div class=\"elementor-element elementor-element-13da251 e-flex e-con-boxed e-con e-parent\" data-id=\"13da251\" data-element_type=\"container\">\n\t\t\t\t\t<div class=\"e-con-inner\">\n\t\t\t\t<div class=\"elementor-element elementor-element-d2410d1 elementor-widget elementor-widget-spacer\" data-id=\"d2410d1\" data-element_type=\"widget\" data-widget_type=\"spacer.default\">\n\t\t\t\t<div class=\"elementor-widget-container\">\n\t\t\t\t\t\t\t<div class=\"elementor-spacer\">\n\t\t\t<div class=\"elementor-spacer-inner\"><\/div>\n\t\t<\/div>\n\t\t\t\t\t\t<\/div>\n\t\t\t\t<\/div>\n\t\t\t\t\t<\/div>\n\t\t\t\t<\/div>\n\t\t\t\t<\/div>\n\t\t","protected":false},"excerpt":{"rendered":"","protected":false},"author":1,"featured_media":0,"parent":0,"menu_order":0,"comment_status":"closed","ping_status":"closed","template":"elementor_header_footer","meta":{"footnotes":""},"class_list":["post-28949","page","type-page","status-publish","hentry"],"_links":{"self":[{"href":"https:\/\/dumascoaching.com\/index.php?rest_route=\/wp\/v2\/pages\/28949","targetHints":{"allow":["GET"]}}],"collection":[{"href":"https:\/\/dumascoaching.com\/index.php?rest_route=\/wp\/v2\/pages"}],"about":[{"href":"https:\/\/dumascoaching.com\/index.php?rest_route=\/wp\/v2\/types\/page"}],"author":[{"embeddable":true,"href":"https:\/\/dumascoaching.com\/index.php?rest_route=\/wp\/v2\/users\/1"}],"replies":[{"embeddable":true,"href":"https:\/\/dumascoaching.com\/index.php?rest_route=%2Fwp%2Fv2%2Fcomments&post=28949"}],"version-history":[{"count":40,"href":"https:\/\/dumascoaching.com\/index.php?rest_route=\/wp\/v2\/pages\/28949\/revisions"}],"predecessor-version":[{"id":30942,"href":"https:\/\/dumascoaching.com\/index.php?rest_route=\/wp\/v2\/pages\/28949\/revisions\/30942"}],"wp:attachment":[{"href":"https:\/\/dumascoaching.com\/index.php?rest_route=%2Fwp%2Fv2%2Fmedia&parent=28949"}],"curies":[{"name":"wp","href":"https:\/\/api.w.org\/{rel}","templated":true}]}}